{"id":1448,"date":"2024-04-04T08:26:26","date_gmt":"2024-04-04T15:26:26","guid":{"rendered":"https:\/\/mdconsultingservice.com\/permiso-de-salud-publica\/"},"modified":"2024-07-17T06:06:52","modified_gmt":"2024-07-17T13:06:52","slug":"permiso-de-salud-publica","status":"publish","type":"page","link":"https:\/\/mdconsultingservice.com\/es\/permiso-de-salud-publica\/","title":{"rendered":"Permiso de Salud P\u00fablica"},"content":{"rendered":"\n\n\t<h6>\n\t\t\t\tNuestros Servicios\n\t\t\t<\/h6>\n\t<h1>\n\t\t\t\tPermiso de Salud P\u00fablica\n\t\t\t<\/h1>\n\t<h6>\n\t\t\t\tSoluciones Para Agilizar Los Permisos\n\t\t\t<\/h6>\n\t<h3>\n\t\t\t\tProteger Su Empresa y a Sus Clientes\n\t\t\t<\/h3>\n\t<p>Obtener y mantener un permiso de salud p\u00fablica es crucial para que las empresas de diversos sectores cumplan las normas de seguridad. En MD Consulting Services, ofrecemos asistencia \u00e1gil en el registro y la renovaci\u00f3n de permisos de salud p\u00fablica, proporcionando a las empresas la experiencia necesaria para navegar por los requisitos reglamentarios sin esfuerzo.<\/p>\n\t\t\t\t<img decoding=\"async\" data-src=\"https:\/\/mdconsultingservice.com\/wp-content\/uploads\/2024\/04\/Public-Health-Permit.jpg\" alt=\"Public-Health-Permit\" title=\"Public-Health-Permit\" itemprop=\"image\" src=\"data:image\/svg+xml;base64,PHN2ZyB3aWR0aD0iMSIgaGVpZ2h0PSIxIiB4bWxucz0iaHR0cDovL3d3dy53My5vcmcvMjAwMC9zdmciPjwvc3ZnPg==\" class=\"lazyload\" style=\"--smush-placeholder-width: 640px; --smush-placeholder-aspect-ratio: 640\/426;\" \/>\n\t<h3>\n\t\t\t\tAseg\u00farese De Que Su Establecimiento Cumple Las Normas Sanitarias Con Una Asistencia Para Permisos Sin Complicaciones\n\t\t\t<\/h3>\n\t<p>Nuestro servicio comienza con una evaluaci\u00f3n exhaustiva de las necesidades de su empresa, identificando el permiso de salud p\u00fablica m\u00e1s adecuado para sus operaciones. Desde el registro inicial hasta la renovaci\u00f3n continua, nuestros experimentados asociados le guiar\u00e1n a lo largo del proceso, garantizando el cumplimiento de los c\u00f3digos y normas sanitarios en cada paso del camino.<\/p>\n<p>Con MD Consulting Services como socio especializado, puede confiar en nosotros para gestionar todos los aspectos del proceso de obtenci\u00f3n de permisos de salud p\u00fablica. Desde la cumplimentaci\u00f3n del papeleo hasta la programaci\u00f3n de las inspecciones, simplificamos el proceso, permiti\u00e9ndole centrarse en dirigir su negocio con confianza al tiempo que garantiza la seguridad y el bienestar de sus clientes y empleados. Perm\u00edtanos ser su aliado en el cumplimiento de las normas de salud p\u00fablica, garantizando que su establecimiento siga siendo una parte fiable y respetada de la comunidad.<\/p>\n\t<h6>\n\t\t\t\tTrabajemos Juntos\n\t\t\t<\/h6>\n\t<h2>\n\t\t\t\tP\u00f3ngase En Contacto Con Nosotros\n\t\t\t<\/h2>\n\t\t\t<p>Rellene brevemente el siguiente formulario y nos pondremos en contacto con usted para realizar una cita por tel\u00e9fono, email o en persona.<\/p>\t\n\n","protected":false},"excerpt":{"rendered":"<p>Nuestros Servicios Permiso de Salud P\u00fablica Soluciones Para Agilizar Los Permisos Proteger Su Empresa y a Sus Clientes Obtener y mantener un permiso de salud p\u00fablica es crucial para que las empresas de diversos sectores cumplan las normas de seguridad. En MD Consulting Services, ofrecemos asistencia \u00e1gil en el registro y la renovaci\u00f3n de permisos [&hellip;]<\/p>\n","protected":false},"author":1,"featured_media":0,"parent":0,"menu_order":0,"comment_status":"closed","ping_status":"closed","template":"","meta":{"site-sidebar-layout":"no-sidebar","site-content-layout":"page-builder","ast-site-content-layout":"full-width-container","site-content-style":"unboxed","site-sidebar-style":"unboxed","ast-global-header-display":"","ast-banner-title-visibility":"","ast-main-header-display":"","ast-hfb-above-header-display":"","ast-hfb-below-header-display":"","ast-hfb-mobile-header-display":"","site-post-title":"disabled","ast-breadcrumbs-content":"","ast-featured-img":"disabled","footer-sml-layout":"","ast-disable-related-posts":"","theme-transparent-header-meta":"enabled","adv-header-id-meta":"","stick-header-meta":"","header-above-stick-meta":"","header-main-stick-meta":"","header-below-stick-meta":"","astra-migrate-meta-layouts":"default","ast-page-background-enabled":"default","ast-page-background-meta":{"desktop":{"background-color":"","background-image":"","background-repeat":"repeat","background-position":"center center","background-size":"auto","background-attachment":"scroll","background-type":"","background-media":"","overlay-type":"","overlay-color":"","overlay-opacity":"","overlay-gradient":""},"tablet":{"background-color":"","background-image":"","background-repeat":"repeat","background-position":"center center","background-size":"auto","background-attachment":"scroll","background-type":"","background-media":"","overlay-type":"","overlay-color":"","overlay-opacity":"","overlay-gradient":""},"mobile":{"background-color":"","background-image":"","background-repeat":"repeat","background-position":"center center","background-size":"auto","background-attachment":"scroll","background-type":"","background-media":"","overlay-type":"","overlay-color":"","overlay-opacity":"","overlay-gradient":""}},"ast-content-background-meta":{"desktop":{"background-color":"var(--ast-global-color-5)","background-image":"","background-repeat":"repeat","background-position":"center center","background-size":"auto","background-attachment":"scroll","background-type":"","background-media":"","overlay-type":"","overlay-color":"","overlay-opacity":"","overlay-gradient":""},"tablet":{"background-color":"var(--ast-global-color-5)","background-image":"","background-repeat":"repeat","background-position":"center center","background-size":"auto","background-attachment":"scroll","background-type":"","background-media":"","overlay-type":"","overlay-color":"","overlay-opacity":"","overlay-gradient":""},"mobile":{"background-color":"var(--ast-global-color-5)","background-image":"","background-repeat":"repeat","background-position":"center center","background-size":"auto","background-attachment":"scroll","background-type":"","background-media":"","overlay-type":"","overlay-color":"","overlay-opacity":"","overlay-gradient":""}},"footnotes":""},"class_list":["post-1448","page","type-page","status-publish","hentry"],"_links":{"self":[{"href":"https:\/\/mdconsultingservice.com\/es\/wp-json\/wp\/v2\/pages\/1448","targetHints":{"allow":["GET"]}}],"collection":[{"href":"https:\/\/mdconsultingservice.com\/es\/wp-json\/wp\/v2\/pages"}],"about":[{"href":"https:\/\/mdconsultingservice.com\/es\/wp-json\/wp\/v2\/types\/page"}],"author":[{"embeddable":true,"href":"https:\/\/mdconsultingservice.com\/es\/wp-json\/wp\/v2\/users\/1"}],"replies":[{"embeddable":true,"href":"https:\/\/mdconsultingservice.com\/es\/wp-json\/wp\/v2\/comments?post=1448"}],"version-history":[{"count":0,"href":"https:\/\/mdconsultingservice.com\/es\/wp-json\/wp\/v2\/pages\/1448\/revisions"}],"wp:attachment":[{"href":"https:\/\/mdconsultingservice.com\/es\/wp-json\/wp\/v2\/media?parent=1448"}],"curies":[{"name":"wp","href":"https:\/\/api.w.org\/{rel}","templated":true}]}}